{"id":17962,"date":"2020-05-26T12:10:07","date_gmt":"2020-05-26T10:10:07","guid":{"rendered":"https:\/\/www.feda.bio\/forschung\/projekte\/akribi\/"},"modified":"2025-05-06T14:35:24","modified_gmt":"2025-05-06T12:35:24","slug":"akribi","status":"publish","type":"page","link":"https:\/\/www.feda.bio\/en\/akribi\/","title":{"rendered":"AKRIBI"},"content":{"rendered":"","protected":false},"excerpt":{"rendered":"","protected":false},"author":27,"featured_media":0,"parent":0,"menu_order":0,"comment_status":"closed","ping_status":"closed","template":"","meta":{"_acf_changed":false,"footnotes":""},"class_list":["post-17962","page","type-page","status-publish","hentry"],"acf":[],"yoast_head":"<!-- This site is optimized with the Yoast SEO plugin v27.2 - https:\/\/yoast.com\/product\/yoast-seo-wordpress\/ -->\n<title>AKRIBI &#183; FEdA<\/title>\n<meta name=\"description\" content=\"Mehr \u00fcber das Projekt \u201eAkteursorientierte Risikoklassifizierung von Herk\u00fcnften agrarischer Produkte auf der Basis weltweit r\u00e4umlich differenzierter Auswirkungen auf Biodiversit\u00e4t (AKRIBI)\u201c\" \/>\n<meta name=\"robots\" content=\"index, follow, max-snippet:-1, max-image-preview:large, max-video-preview:-1\" \/>\n<link rel=\"canonical\" href=\"https:\/\/www.feda.bio\/en\/akribi\/\" \/>\n<meta property=\"og:locale\" content=\"en_US\" \/>\n<meta property=\"og:type\" content=\"article\" \/>\n<meta property=\"og:title\" content=\"AKRIBI &#183; FEdA\" \/>\n<meta property=\"og:description\" content=\"Mehr \u00fcber das Projekt \u201eAkteursorientierte Risikoklassifizierung von Herk\u00fcnften agrarischer Produkte auf der Basis weltweit r\u00e4umlich differenzierter Auswirkungen auf Biodiversit\u00e4t (AKRIBI)\u201c\" \/>\n<meta property=\"og:url\" content=\"https:\/\/www.feda.bio\/en\/akribi\/\" \/>\n<meta property=\"og:site_name\" content=\"FEdA\" \/>\n<meta property=\"article:modified_time\" content=\"2025-05-06T12:35:24+00:00\" \/>\n<meta name=\"twitter:card\" content=\"summary_large_image\" \/>\n<meta name=\"twitter:label1\" content=\"Est. reading time\" \/>\n\t<meta name=\"twitter:data1\" content=\"3 minutes\" \/>\n<script type=\"application\/ld+json\" class=\"yoast-schema-graph\">{\"@context\":\"https:\/\/schema.org\",\"@graph\":[{\"@type\":\"WebPage\",\"@id\":\"https:\/\/www.feda.bio\/en\/akribi\/\",\"url\":\"https:\/\/www.feda.bio\/en\/akribi\/\",\"name\":\"AKRIBI &#183; FEdA\",\"isPartOf\":{\"@id\":\"https:\/\/www.feda.bio\/de\/#website\"},\"datePublished\":\"2020-05-26T10:10:07+00:00\",\"dateModified\":\"2025-05-06T12:35:24+00:00\",\"description\":\"Mehr \u00fcber das Projekt \u201eAkteursorientierte Risikoklassifizierung von Herk\u00fcnften agrarischer Produkte auf der Basis weltweit r\u00e4umlich differenzierter Auswirkungen auf Biodiversit\u00e4t (AKRIBI)\u201c\",\"breadcrumb\":{\"@id\":\"https:\/\/www.feda.bio\/en\/akribi\/#breadcrumb\"},\"inLanguage\":\"en-US\",\"potentialAction\":[{\"@type\":\"ReadAction\",\"target\":[\"https:\/\/www.feda.bio\/en\/akribi\/\"]}]},{\"@type\":\"BreadcrumbList\",\"@id\":\"https:\/\/www.feda.bio\/en\/akribi\/#breadcrumb\",\"itemListElement\":[{\"@type\":\"ListItem\",\"position\":1,\"name\":\"Startseite\",\"item\":\"https:\/\/www.feda.bio\/en\/\"},{\"@type\":\"ListItem\",\"position\":2,\"name\":\"AKRIBI\"}]},{\"@type\":\"WebSite\",\"@id\":\"https:\/\/www.feda.bio\/de\/#website\",\"url\":\"https:\/\/www.feda.bio\/de\/\",\"name\":\"FEdA\",\"description\":\"BMFTR-Forschungsinitiative zum Erhalt der Artenvielfalt\",\"publisher\":{\"@id\":\"https:\/\/www.feda.bio\/de\/#organization\"},\"potentialAction\":[{\"@type\":\"SearchAction\",\"target\":{\"@type\":\"EntryPoint\",\"urlTemplate\":\"https:\/\/www.feda.bio\/de\/?s={search_term_string}\"},\"query-input\":{\"@type\":\"PropertyValueSpecification\",\"valueRequired\":true,\"valueName\":\"search_term_string\"}}],\"inLanguage\":\"en-US\"},{\"@type\":\"Organization\",\"@id\":\"https:\/\/www.feda.bio\/de\/#organization\",\"name\":\"BMBF-Forschungsinitiative zum Erhalt der Artenvielfalt (FEdA)\",\"url\":\"https:\/\/www.feda.bio\/de\/\",\"logo\":{\"@type\":\"ImageObject\",\"inLanguage\":\"en-US\",\"@id\":\"https:\/\/www.feda.bio\/de\/#\/schema\/logo\/image\/\",\"url\":\"https:\/\/www.feda.bio\/wp-content\/uploads\/2020\/10\/FEdA-RGB.jpg\",\"contentUrl\":\"https:\/\/www.feda.bio\/wp-content\/uploads\/2020\/10\/FEdA-RGB.jpg\",\"width\":1772,\"height\":768,\"caption\":\"BMBF-Forschungsinitiative zum Erhalt der Artenvielfalt (FEdA)\"},\"image\":{\"@id\":\"https:\/\/www.feda.bio\/de\/#\/schema\/logo\/image\/\"}}]}<\/script>\n<!-- \/ Yoast SEO plugin. -->","yoast_head_json":{"title":"AKRIBI &#183; FEdA","description":"Mehr \u00fcber das Projekt \u201eAkteursorientierte Risikoklassifizierung von Herk\u00fcnften agrarischer Produkte auf der Basis weltweit r\u00e4umlich differenzierter Auswirkungen auf Biodiversit\u00e4t (AKRIBI)\u201c","robots":{"index":"index","follow":"follow","max-snippet":"max-snippet:-1","max-image-preview":"max-image-preview:large","max-video-preview":"max-video-preview:-1"},"canonical":"https:\/\/www.feda.bio\/en\/akribi\/","og_locale":"en_US","og_type":"article","og_title":"AKRIBI &#183; FEdA","og_description":"Mehr \u00fcber das Projekt \u201eAkteursorientierte Risikoklassifizierung von Herk\u00fcnften agrarischer Produkte auf der Basis weltweit r\u00e4umlich differenzierter Auswirkungen auf Biodiversit\u00e4t (AKRIBI)\u201c","og_url":"https:\/\/www.feda.bio\/en\/akribi\/","og_site_name":"FEdA","article_modified_time":"2025-05-06T12:35:24+00:00","twitter_card":"summary_large_image","twitter_misc":{"Est. reading time":"3 minutes"},"schema":{"@context":"https:\/\/schema.org","@graph":[{"@type":"WebPage","@id":"https:\/\/www.feda.bio\/en\/akribi\/","url":"https:\/\/www.feda.bio\/en\/akribi\/","name":"AKRIBI &#183; FEdA","isPartOf":{"@id":"https:\/\/www.feda.bio\/de\/#website"},"datePublished":"2020-05-26T10:10:07+00:00","dateModified":"2025-05-06T12:35:24+00:00","description":"Mehr \u00fcber das Projekt \u201eAkteursorientierte Risikoklassifizierung von Herk\u00fcnften agrarischer Produkte auf der Basis weltweit r\u00e4umlich differenzierter Auswirkungen auf Biodiversit\u00e4t (AKRIBI)\u201c","breadcrumb":{"@id":"https:\/\/www.feda.bio\/en\/akribi\/#breadcrumb"},"inLanguage":"en-US","potentialAction":[{"@type":"ReadAction","target":["https:\/\/www.feda.bio\/en\/akribi\/"]}]},{"@type":"BreadcrumbList","@id":"https:\/\/www.feda.bio\/en\/akribi\/#breadcrumb","itemListElement":[{"@type":"ListItem","position":1,"name":"Startseite","item":"https:\/\/www.feda.bio\/en\/"},{"@type":"ListItem","position":2,"name":"AKRIBI"}]},{"@type":"WebSite","@id":"https:\/\/www.feda.bio\/de\/#website","url":"https:\/\/www.feda.bio\/de\/","name":"FEdA","description":"BMFTR-Forschungsinitiative zum Erhalt der Artenvielfalt","publisher":{"@id":"https:\/\/www.feda.bio\/de\/#organization"},"potentialAction":[{"@type":"SearchAction","target":{"@type":"EntryPoint","urlTemplate":"https:\/\/www.feda.bio\/de\/?s={search_term_string}"},"query-input":{"@type":"PropertyValueSpecification","valueRequired":true,"valueName":"search_term_string"}}],"inLanguage":"en-US"},{"@type":"Organization","@id":"https:\/\/www.feda.bio\/de\/#organization","name":"BMBF-Forschungsinitiative zum Erhalt der Artenvielfalt (FEdA)","url":"https:\/\/www.feda.bio\/de\/","logo":{"@type":"ImageObject","inLanguage":"en-US","@id":"https:\/\/www.feda.bio\/de\/#\/schema\/logo\/image\/","url":"https:\/\/www.feda.bio\/wp-content\/uploads\/2020\/10\/FEdA-RGB.jpg","contentUrl":"https:\/\/www.feda.bio\/wp-content\/uploads\/2020\/10\/FEdA-RGB.jpg","width":1772,"height":768,"caption":"BMBF-Forschungsinitiative zum Erhalt der Artenvielfalt (FEdA)"},"image":{"@id":"https:\/\/www.feda.bio\/de\/#\/schema\/logo\/image\/"}}]}},"_links":{"self":[{"href":"https:\/\/www.feda.bio\/en\/wp-json\/wp\/v2\/pages\/17962","targetHints":{"allow":["GET"]}}],"collection":[{"href":"https:\/\/www.feda.bio\/en\/wp-json\/wp\/v2\/pages"}],"about":[{"href":"https:\/\/www.feda.bio\/en\/wp-json\/wp\/v2\/types\/page"}],"author":[{"embeddable":true,"href":"https:\/\/www.feda.bio\/en\/wp-json\/wp\/v2\/users\/27"}],"replies":[{"embeddable":true,"href":"https:\/\/www.feda.bio\/en\/wp-json\/wp\/v2\/comments?post=17962"}],"version-history":[{"count":2,"href":"https:\/\/www.feda.bio\/en\/wp-json\/wp\/v2\/pages\/17962\/revisions"}],"predecessor-version":[{"id":36681,"href":"https:\/\/www.feda.bio\/en\/wp-json\/wp\/v2\/pages\/17962\/revisions\/36681"}],"wp:attachment":[{"href":"https:\/\/www.feda.bio\/en\/wp-json\/wp\/v2\/media?parent=17962"}],"curies":[{"name":"wp","href":"https:\/\/api.w.org\/{rel}","templated":true}]}}