{"id":20265,"date":"2020-12-16T17:26:39","date_gmt":"2020-12-16T16:26:39","guid":{"rendered":"https:\/\/www.feda.bio\/?page_id=20265"},"modified":"2021-03-03T18:10:28","modified_gmt":"2021-03-03T17:10:28","slug":"biodivnotizen-01-2020","status":"publish","type":"page","link":"https:\/\/www.feda.bio\/de\/biodivnotizen-01-2020\/","title":{"rendered":"Biodiv:notizen 01-2020"},"content":{"rendered":"","protected":false},"excerpt":{"rendered":"","protected":false},"author":29,"featured_media":0,"parent":0,"menu_order":0,"comment_status":"closed","ping_status":"closed","template":"","meta":{"_acf_changed":false,"footnotes":""},"class_list":["post-20265","page","type-page","status-publish","hentry"],"acf":[],"yoast_head":"<!-- This site is optimized with the Yoast SEO plugin v27.2 - https:\/\/yoast.com\/product\/yoast-seo-wordpress\/ -->\n<title>Biodiv:notizen 01-2020 &#183; FEdA<\/title>\n<meta name=\"description\" content=\"Die 14-t\u00e4gliche Linksammlung der FEdA mit interessanten Beitr\u00e4gen und Geschichten zu den Themen Biodiversit\u00e4t und \u00d6kosysteme.\" \/>\n<meta name=\"robots\" content=\"index, follow, max-snippet:-1, max-image-preview:large, max-video-preview:-1\" \/>\n<link rel=\"canonical\" href=\"https:\/\/www.feda.bio\/de\/biodivnotizen-01-2020\/\" \/>\n<meta property=\"og:locale\" content=\"de_DE\" \/>\n<meta property=\"og:type\" content=\"article\" \/>\n<meta property=\"og:title\" content=\"Biodiv:notizen 01-2020 &#183; FEdA\" \/>\n<meta property=\"og:description\" content=\"Die 14-t\u00e4gliche Linksammlung der FEdA mit interessanten Beitr\u00e4gen und Geschichten zu den Themen Biodiversit\u00e4t und \u00d6kosysteme.\" \/>\n<meta property=\"og:url\" content=\"https:\/\/www.feda.bio\/de\/biodivnotizen-01-2020\/\" \/>\n<meta property=\"og:site_name\" content=\"FEdA\" \/>\n<meta property=\"article:modified_time\" content=\"2021-03-03T17:10:28+00:00\" \/>\n<meta property=\"og:image\" content=\"https:\/\/www.feda.bio\/wp-content\/uploads\/2020\/12\/Biodiv-notizen_2-Kopie-1024x597.png\" \/>\n\t<meta property=\"og:image:width\" content=\"1024\" \/>\n\t<meta property=\"og:image:height\" content=\"597\" \/>\n\t<meta property=\"og:image:type\" content=\"image\/png\" \/>\n<meta name=\"twitter:card\" content=\"summary_large_image\" \/>\n<meta name=\"twitter:image\" content=\"https:\/\/www.feda.bio\/wp-content\/uploads\/2020\/12\/Biodiv-notizen_2-Kopie.png\" \/>\n<script type=\"application\/ld+json\" class=\"yoast-schema-graph\">{\"@context\":\"https:\/\/schema.org\",\"@graph\":[{\"@type\":\"WebPage\",\"@id\":\"https:\/\/www.feda.bio\/de\/biodivnotizen-01-2020\/\",\"url\":\"https:\/\/www.feda.bio\/de\/biodivnotizen-01-2020\/\",\"name\":\"Biodiv:notizen 01-2020 &#183; FEdA\",\"isPartOf\":{\"@id\":\"https:\/\/www.feda.bio\/de\/#website\"},\"datePublished\":\"2020-12-16T16:26:39+00:00\",\"dateModified\":\"2021-03-03T17:10:28+00:00\",\"description\":\"Die 14-t\u00e4gliche Linksammlung der FEdA mit interessanten Beitr\u00e4gen und Geschichten zu den Themen Biodiversit\u00e4t und \u00d6kosysteme.\",\"breadcrumb\":{\"@id\":\"https:\/\/www.feda.bio\/de\/biodivnotizen-01-2020\/#breadcrumb\"},\"inLanguage\":\"de\",\"potentialAction\":[{\"@type\":\"ReadAction\",\"target\":[\"https:\/\/www.feda.bio\/de\/biodivnotizen-01-2020\/\"]}]},{\"@type\":\"BreadcrumbList\",\"@id\":\"https:\/\/www.feda.bio\/de\/biodivnotizen-01-2020\/#breadcrumb\",\"itemListElement\":[{\"@type\":\"ListItem\",\"position\":1,\"name\":\"Startseite\",\"item\":\"https:\/\/www.feda.bio\/de\/\"},{\"@type\":\"ListItem\",\"position\":2,\"name\":\"Biodiv:notizen 01-2020\"}]},{\"@type\":\"WebSite\",\"@id\":\"https:\/\/www.feda.bio\/de\/#website\",\"url\":\"https:\/\/www.feda.bio\/de\/\",\"name\":\"FEdA\",\"description\":\"BMFTR-Forschungsinitiative zum Erhalt der Artenvielfalt\",\"publisher\":{\"@id\":\"https:\/\/www.feda.bio\/de\/#organization\"},\"potentialAction\":[{\"@type\":\"SearchAction\",\"target\":{\"@type\":\"EntryPoint\",\"urlTemplate\":\"https:\/\/www.feda.bio\/de\/?s={search_term_string}\"},\"query-input\":{\"@type\":\"PropertyValueSpecification\",\"valueRequired\":true,\"valueName\":\"search_term_string\"}}],\"inLanguage\":\"de\"},{\"@type\":\"Organization\",\"@id\":\"https:\/\/www.feda.bio\/de\/#organization\",\"name\":\"BMBF-Forschungsinitiative zum Erhalt der Artenvielfalt (FEdA)\",\"url\":\"https:\/\/www.feda.bio\/de\/\",\"logo\":{\"@type\":\"ImageObject\",\"inLanguage\":\"de\",\"@id\":\"https:\/\/www.feda.bio\/de\/#\/schema\/logo\/image\/\",\"url\":\"https:\/\/www.feda.bio\/wp-content\/uploads\/2020\/10\/FEdA-RGB.jpg\",\"contentUrl\":\"https:\/\/www.feda.bio\/wp-content\/uploads\/2020\/10\/FEdA-RGB.jpg\",\"width\":1772,\"height\":768,\"caption\":\"BMBF-Forschungsinitiative zum Erhalt der Artenvielfalt (FEdA)\"},\"image\":{\"@id\":\"https:\/\/www.feda.bio\/de\/#\/schema\/logo\/image\/\"}}]}<\/script>\n<!-- \/ Yoast SEO plugin. -->","yoast_head_json":{"title":"Biodiv:notizen 01-2020 &#183; FEdA","description":"Die 14-t\u00e4gliche Linksammlung der FEdA mit interessanten Beitr\u00e4gen und Geschichten zu den Themen Biodiversit\u00e4t und \u00d6kosysteme.","robots":{"index":"index","follow":"follow","max-snippet":"max-snippet:-1","max-image-preview":"max-image-preview:large","max-video-preview":"max-video-preview:-1"},"canonical":"https:\/\/www.feda.bio\/de\/biodivnotizen-01-2020\/","og_locale":"de_DE","og_type":"article","og_title":"Biodiv:notizen 01-2020 &#183; FEdA","og_description":"Die 14-t\u00e4gliche Linksammlung der FEdA mit interessanten Beitr\u00e4gen und Geschichten zu den Themen Biodiversit\u00e4t und \u00d6kosysteme.","og_url":"https:\/\/www.feda.bio\/de\/biodivnotizen-01-2020\/","og_site_name":"FEdA","article_modified_time":"2021-03-03T17:10:28+00:00","og_image":[{"width":1024,"height":597,"url":"https:\/\/www.feda.bio\/wp-content\/uploads\/2020\/12\/Biodiv-notizen_2-Kopie-1024x597.png","type":"image\/png"}],"twitter_card":"summary_large_image","twitter_image":"https:\/\/www.feda.bio\/wp-content\/uploads\/2020\/12\/Biodiv-notizen_2-Kopie.png","schema":{"@context":"https:\/\/schema.org","@graph":[{"@type":"WebPage","@id":"https:\/\/www.feda.bio\/de\/biodivnotizen-01-2020\/","url":"https:\/\/www.feda.bio\/de\/biodivnotizen-01-2020\/","name":"Biodiv:notizen 01-2020 &#183; FEdA","isPartOf":{"@id":"https:\/\/www.feda.bio\/de\/#website"},"datePublished":"2020-12-16T16:26:39+00:00","dateModified":"2021-03-03T17:10:28+00:00","description":"Die 14-t\u00e4gliche Linksammlung der FEdA mit interessanten Beitr\u00e4gen und Geschichten zu den Themen Biodiversit\u00e4t und \u00d6kosysteme.","breadcrumb":{"@id":"https:\/\/www.feda.bio\/de\/biodivnotizen-01-2020\/#breadcrumb"},"inLanguage":"de","potentialAction":[{"@type":"ReadAction","target":["https:\/\/www.feda.bio\/de\/biodivnotizen-01-2020\/"]}]},{"@type":"BreadcrumbList","@id":"https:\/\/www.feda.bio\/de\/biodivnotizen-01-2020\/#breadcrumb","itemListElement":[{"@type":"ListItem","position":1,"name":"Startseite","item":"https:\/\/www.feda.bio\/de\/"},{"@type":"ListItem","position":2,"name":"Biodiv:notizen 01-2020"}]},{"@type":"WebSite","@id":"https:\/\/www.feda.bio\/de\/#website","url":"https:\/\/www.feda.bio\/de\/","name":"FEdA","description":"BMFTR-Forschungsinitiative zum Erhalt der Artenvielfalt","publisher":{"@id":"https:\/\/www.feda.bio\/de\/#organization"},"potentialAction":[{"@type":"SearchAction","target":{"@type":"EntryPoint","urlTemplate":"https:\/\/www.feda.bio\/de\/?s={search_term_string}"},"query-input":{"@type":"PropertyValueSpecification","valueRequired":true,"valueName":"search_term_string"}}],"inLanguage":"de"},{"@type":"Organization","@id":"https:\/\/www.feda.bio\/de\/#organization","name":"BMBF-Forschungsinitiative zum Erhalt der Artenvielfalt (FEdA)","url":"https:\/\/www.feda.bio\/de\/","logo":{"@type":"ImageObject","inLanguage":"de","@id":"https:\/\/www.feda.bio\/de\/#\/schema\/logo\/image\/","url":"https:\/\/www.feda.bio\/wp-content\/uploads\/2020\/10\/FEdA-RGB.jpg","contentUrl":"https:\/\/www.feda.bio\/wp-content\/uploads\/2020\/10\/FEdA-RGB.jpg","width":1772,"height":768,"caption":"BMBF-Forschungsinitiative zum Erhalt der Artenvielfalt (FEdA)"},"image":{"@id":"https:\/\/www.feda.bio\/de\/#\/schema\/logo\/image\/"}}]}},"_links":{"self":[{"href":"https:\/\/www.feda.bio\/de\/wp-json\/wp\/v2\/pages\/20265","targetHints":{"allow":["GET"]}}],"collection":[{"href":"https:\/\/www.feda.bio\/de\/wp-json\/wp\/v2\/pages"}],"about":[{"href":"https:\/\/www.feda.bio\/de\/wp-json\/wp\/v2\/types\/page"}],"author":[{"embeddable":true,"href":"https:\/\/www.feda.bio\/de\/wp-json\/wp\/v2\/users\/29"}],"replies":[{"embeddable":true,"href":"https:\/\/www.feda.bio\/de\/wp-json\/wp\/v2\/comments?post=20265"}],"version-history":[{"count":0,"href":"https:\/\/www.feda.bio\/de\/wp-json\/wp\/v2\/pages\/20265\/revisions"}],"wp:attachment":[{"href":"https:\/\/www.feda.bio\/de\/wp-json\/wp\/v2\/media?parent=20265"}],"curies":[{"name":"wp","href":"https:\/\/api.w.org\/{rel}","templated":true}]}}